{"id":3687,"date":"2024-05-03T14:11:07","date_gmt":"2024-05-03T18:11:07","guid":{"rendered":"https:\/\/courgescie.com\/opening-hours\/"},"modified":"2024-12-03T10:00:24","modified_gmt":"2024-12-03T15:00:24","slug":"opening-hours","status":"publish","type":"page","link":"https:\/\/courgescie.com\/en\/opening-hours\/","title":{"rendered":"Opening hours"},"content":{"rendered":"<p>[et_pb_section fb_built=&#8221;1&#8243; custom_padding_last_edited=&#8221;on|desktop&#8221; admin_label=&#8221;Heures d\u2019ouverture&#8221; module_class=&#8221;section-header&#8221; _builder_version=&#8221;4.25.0&#8243; _module_preset=&#8221;default&#8221; use_background_color_gradient=&#8221;on&#8221; background_color_gradient_stops=&#8221;rgba(3,3,3,0.01) 0%|rgba(1,1,1,0.38) 50%|rgba(0,0,0,0.51) 100%&#8221; background_color_gradient_overlays_image=&#8221;on&#8221; background_image=&#8221;https:\/\/courgescie.com\/wp-content\/uploads\/2024\/05\/Heures-douverture.jpg&#8221; custom_padding=&#8221;120px||120px||true|false&#8221; custom_padding_tablet=&#8221;80px||60px||false|false&#8221; custom_padding_phone=&#8221;50px||40px||false|false&#8221; global_colors_info=&#8221;{}&#8221;][et_pb_row module_class=&#8221;row-90 row-header&#8221; _builder_version=&#8221;4.25.0&#8243; _module_preset=&#8221;default&#8221; animation_style=&#8221;slide&#8221; animation_direction=&#8221;left&#8221; animation_duration=&#8221;1200ms&#8221; global_colors_info=&#8221;{}&#8221;][et_pb_column type=&#8221;4_4&#8243; _builder_version=&#8221;4.25.0&#8243; _module_preset=&#8221;default&#8221; global_colors_info=&#8221;{}&#8221;][et_pb_text admin_label=&#8221;Heures d\u2019ouverture&#8221; _builder_version=&#8221;4.25.0&#8243; _module_preset=&#8221;fc087b82-a703-4402-8836-852ecf54e852&#8243; header_font=&#8221;Raleway|800||on|||||&#8221; global_colors_info=&#8221;{}&#8221;]<\/p>\n<h1>Opening hours<\/h1>\n<p>[\/et_pb_text][\/et_pb_column][\/et_pb_row][\/et_pb_section][et_pb_section fb_built=&#8221;1&#8243; custom_padding_last_edited=&#8221;on|phone&#8221; _builder_version=&#8221;4.25.0&#8243; _module_preset=&#8221;default&#8221; background_color=&#8221;#000000&#8243; custom_padding=&#8221;60px||60px||true|false&#8221; custom_padding_tablet=&#8221;60px||60px||true|false&#8221; custom_padding_phone=&#8221;40px||40px||true|false&#8221; animation_direction=&#8221;bottom&#8221; scroll_vertical_motion_enable=&#8221;on&#8221; scroll_vertical_motion=&#8221;0|50|50|100|1|0|0&#8243; motion_trigger_start=&#8221;top&#8221; global_colors_info=&#8221;{}&#8221;][et_pb_row use_custom_gutter=&#8221;on&#8221; gutter_width=&#8221;2&#8243; make_equal=&#8221;on&#8221; module_class=&#8221;row-90 row-heures&#8221; _builder_version=&#8221;4.25.0&#8243; _module_preset=&#8221;default&#8221; custom_padding=&#8221;0px||0px||true|false&#8221; global_colors_info=&#8221;{}&#8221;][et_pb_column type=&#8221;4_4&#8243; _builder_version=&#8221;4.25.0&#8243; _module_preset=&#8221;default&#8221; custom_css_main_element=&#8221;display: -webkit-box;||  display: -moz-box;||  display: -webkit-flex;||  display: -ms-flexbox;||  display: flex;||||-webkit-justify-content:center;||justify-content:center;||||-moz-flex-direction:column;||-ms-flex-direction:column;||-webkit-flex-direction:column;||flex-direction:column;&#8221; global_colors_info=&#8221;{}&#8221;][et_pb_text admin_label=&#8221;Cette ann\u00e9e, nous serons ouverts du 1er mars au 31 d\u00e9cembre 2024&#8243; _builder_version=&#8221;4.25.0&#8243; _module_preset=&#8221;default&#8221; header_3_font=&#8221;Roboto|500|||||||&#8221; header_3_text_align=&#8221;center&#8221; header_3_text_color=&#8221;#FBB040&#8243; header_3_font_size=&#8221;25px&#8221; header_3_line_height=&#8221;1.2em&#8221; header_3_font_size_tablet=&#8221;22px&#8221; header_3_font_size_phone=&#8221;18px&#8221; header_3_font_size_last_edited=&#8221;on|tablet&#8221; global_colors_info=&#8221;{}&#8221;]<\/p>\n<h3>This year, we will be open from <span style=\"color: #ffffff;\">March 1st<\/span> to <span style=\"color: #ffffff;\">December 31, 2024<\/span><\/h3>\n<p>[\/et_pb_text][\/et_pb_column][\/et_pb_row][\/et_pb_section][et_pb_section fb_built=&#8221;1&#8243; _builder_version=&#8221;4.25.0&#8243; _module_preset=&#8221;default&#8221; custom_padding=&#8221;0px||0px||true|false&#8221; global_colors_info=&#8221;{}&#8221;][et_pb_row column_structure=&#8221;1_2,1_2&#8243; use_custom_gutter=&#8221;on&#8221; gutter_width=&#8221;2&#8243; make_equal=&#8221;on&#8221; module_class=&#8221;row-90 row-heures&#8221; _builder_version=&#8221;4.25.0&#8243; _module_preset=&#8221;default&#8221; custom_margin=&#8221;||0px||false|false&#8221; custom_padding=&#8221;||0px||false|false&#8221; global_colors_info=&#8221;{}&#8221;][et_pb_column type=&#8221;1_2&#8243; _builder_version=&#8221;4.25.0&#8243; _module_preset=&#8221;default&#8221; animation_style=&#8221;slide&#8221; animation_duration=&#8221;1200ms&#8221; custom_css_main_element=&#8221;display: -webkit-box;||  display: -moz-box;||  display: -webkit-flex;||  display: -ms-flexbox;||  display: flex;||||-webkit-justify-content:center;||justify-content:center;||||-moz-flex-direction:column;||-ms-flex-direction:column;||-webkit-flex-direction:column;||flex-direction:column;&#8221; global_colors_info=&#8221;{}&#8221;][et_pb_text admin_label=&#8221;Jeudi: Ferm\u00e9 (sur r\u00e9servation de groupes de 12 personnes et plus seulement)  Vendredi: 10h00 \u00e0 19h00 Samedi: 11 h 00 \u00e0 19 h 00  Dimanche: 11 h 00 \u00e0 17 h 00&#8243; _builder_version=&#8221;4.25.0&#8243; _module_preset=&#8221;85a56b8f-1810-45e4-b8d9-101c58c22ca3&#8243; global_colors_info=&#8221;{}&#8221;]<\/p>\n<p>&nbsp;<\/p>\n<p><strong>Saturday:<\/strong> 10:00 AM to 5:00 PM<\/p>\n<p><strong>Sunday:<\/strong> 10:00 AM to 5:00 PM<\/p>\n<p>[\/et_pb_text][\/et_pb_column][et_pb_column type=&#8221;1_2&#8243; _builder_version=&#8221;4.25.0&#8243; _module_preset=&#8221;default&#8221; global_colors_info=&#8221;{}&#8221;][et_pb_image src=&#8221;https:\/\/courgescie.com\/wp-content\/uploads\/2024\/05\/groupe-de-personnes.png&#8221; title_text=&#8221;groupe-de-personnes&#8221; module_class=&#8221;image-groupe&#8221; _builder_version=&#8221;4.25.0&#8243; _module_preset=&#8221;default&#8221; width_tablet=&#8221;75%&#8221; width_phone=&#8221;100%&#8221; width_last_edited=&#8221;on|phone&#8221; module_alignment=&#8221;center&#8221; custom_margin=&#8221;-100px||||false|false&#8221; custom_margin_tablet=&#8221;0px||||false|false&#8221; custom_margin_phone=&#8221;0px||||false|false&#8221; custom_margin_last_edited=&#8221;on|desktop&#8221; global_colors_info=&#8221;{}&#8221;][\/et_pb_image][\/et_pb_column][\/et_pb_row][\/et_pb_section]<\/p>\n","protected":false},"excerpt":{"rendered":"<p>Opening hoursThis year, we will be open from March 1st to December 31, 2024&nbsp; Saturday: 10:00 AM to 5:00 PM Sunday: 10:00 AM to 5:00 PM<\/p>\n","protected":false},"author":1,"featured_media":2013,"parent":0,"menu_order":0,"comment_status":"closed","ping_status":"closed","template":"","meta":{"_et_pb_use_builder":"on","_et_pb_old_content":"","_et_gb_content_width":"","footnotes":""},"dipi_cpt_category":[],"class_list":["post-3687","page","type-page","status-publish","has-post-thumbnail","hentry"],"yoast_head":"<!-- This site is optimized with the Yoast SEO plugin v27.5 - https:\/\/yoast.com\/product\/yoast-seo-wordpress\/ -->\n<title>Opening hours | Courges &amp; cie<\/title>\n<meta name=\"description\" content=\"Courges &amp; cie is a love story between the land and the pleasures of the table. But first and foremost, it&#039;s about family, values and heart.\" \/>\n<meta name=\"robots\" content=\"index, follow, max-snippet:-1, max-image-preview:large, max-video-preview:-1\" \/>\n<link rel=\"canonical\" href=\"https:\/\/courgescie.com\/en\/opening-hours\/\" \/>\n<meta property=\"og:locale\" content=\"en_US\" \/>\n<meta property=\"og:type\" content=\"article\" \/>\n<meta property=\"og:title\" content=\"Opening hours | Courges &amp; cie\" \/>\n<meta property=\"og:description\" content=\"Courges &amp; cie is a love story between the land and the pleasures of the table. But first and foremost, it&#039;s about family, values and heart.\" \/>\n<meta property=\"og:url\" content=\"https:\/\/courgescie.com\/en\/opening-hours\/\" \/>\n<meta property=\"og:site_name\" content=\"Courges &amp; cie\" \/>\n<meta property=\"article:modified_time\" content=\"2024-12-03T15:00:24+00:00\" \/>\n<meta property=\"og:image\" content=\"https:\/\/courgescie.com\/wp-content\/uploads\/2024\/05\/Publication-Facebook-1024x538.jpg\" \/>\n<meta name=\"twitter:card\" content=\"summary_large_image\" \/>\n<meta name=\"twitter:title\" content=\"Opening hours | Courges &amp; cie\" \/>\n<meta name=\"twitter:description\" content=\"Courges &amp; cie is a love story between the land and the pleasures of the table. But first and foremost, it&#039;s about family, values and heart.\" \/>\n<meta name=\"twitter:image\" content=\"https:\/\/courgescie.com\/wp-content\/uploads\/2024\/05\/Publication-Facebook-1024x538.jpg\" \/>\n<meta name=\"twitter:label1\" content=\"Est. reading time\" \/>\n\t<meta name=\"twitter:data1\" content=\"3 minutes\" \/>\n<script type=\"application\/ld+json\" class=\"yoast-schema-graph\">{\"@context\":\"https:\\\/\\\/schema.org\",\"@graph\":[{\"@type\":\"WebPage\",\"@id\":\"https:\\\/\\\/courgescie.com\\\/en\\\/opening-hours\\\/\",\"url\":\"https:\\\/\\\/courgescie.com\\\/en\\\/opening-hours\\\/\",\"name\":\"Opening hours | Courges &amp; cie\",\"isPartOf\":{\"@id\":\"https:\\\/\\\/courgescie.com\\\/en\\\/#website\"},\"primaryImageOfPage\":{\"@id\":\"https:\\\/\\\/courgescie.com\\\/en\\\/opening-hours\\\/#primaryimage\"},\"image\":{\"@id\":\"https:\\\/\\\/courgescie.com\\\/en\\\/opening-hours\\\/#primaryimage\"},\"thumbnailUrl\":\"https:\\\/\\\/courgescie.com\\\/wp-content\\\/uploads\\\/2024\\\/05\\\/Publication-Facebook.jpg\",\"datePublished\":\"2024-05-03T18:11:07+00:00\",\"dateModified\":\"2024-12-03T15:00:24+00:00\",\"description\":\"Courges & cie is a love story between the land and the pleasures of the table. But first and foremost, it's about family, values and heart.\",\"breadcrumb\":{\"@id\":\"https:\\\/\\\/courgescie.com\\\/en\\\/opening-hours\\\/#breadcrumb\"},\"inLanguage\":\"en-US\",\"potentialAction\":[{\"@type\":\"ReadAction\",\"target\":[\"https:\\\/\\\/courgescie.com\\\/en\\\/opening-hours\\\/\"]}]},{\"@type\":\"ImageObject\",\"inLanguage\":\"en-US\",\"@id\":\"https:\\\/\\\/courgescie.com\\\/en\\\/opening-hours\\\/#primaryimage\",\"url\":\"https:\\\/\\\/courgescie.com\\\/wp-content\\\/uploads\\\/2024\\\/05\\\/Publication-Facebook.jpg\",\"contentUrl\":\"https:\\\/\\\/courgescie.com\\\/wp-content\\\/uploads\\\/2024\\\/05\\\/Publication-Facebook.jpg\",\"width\":1200,\"height\":630},{\"@type\":\"BreadcrumbList\",\"@id\":\"https:\\\/\\\/courgescie.com\\\/en\\\/opening-hours\\\/#breadcrumb\",\"itemListElement\":[{\"@type\":\"ListItem\",\"position\":1,\"name\":\"Accueil\",\"item\":\"https:\\\/\\\/courgescie.com\\\/en\\\/\"},{\"@type\":\"ListItem\",\"position\":2,\"name\":\"Opening hours\"}]},{\"@type\":\"WebSite\",\"@id\":\"https:\\\/\\\/courgescie.com\\\/en\\\/#website\",\"url\":\"https:\\\/\\\/courgescie.com\\\/en\\\/\",\"name\":\"Courges &amp; cie\",\"description\":\"Courges &amp; cie\",\"potentialAction\":[{\"@type\":\"SearchAction\",\"target\":{\"@type\":\"EntryPoint\",\"urlTemplate\":\"https:\\\/\\\/courgescie.com\\\/en\\\/?s={search_term_string}\"},\"query-input\":{\"@type\":\"PropertyValueSpecification\",\"valueRequired\":true,\"valueName\":\"search_term_string\"}}],\"inLanguage\":\"en-US\"}]}<\/script>\n<!-- \/ Yoast SEO plugin. -->","yoast_head_json":{"title":"Opening hours | Courges &amp; cie","description":"Courges & cie is a love story between the land and the pleasures of the table. But first and foremost, it's about family, values and heart.","robots":{"index":"index","follow":"follow","max-snippet":"max-snippet:-1","max-image-preview":"max-image-preview:large","max-video-preview":"max-video-preview:-1"},"canonical":"https:\/\/courgescie.com\/en\/opening-hours\/","og_locale":"en_US","og_type":"article","og_title":"Opening hours | Courges &amp; cie","og_description":"Courges & cie is a love story between the land and the pleasures of the table. But first and foremost, it's about family, values and heart.","og_url":"https:\/\/courgescie.com\/en\/opening-hours\/","og_site_name":"Courges &amp; cie","article_modified_time":"2024-12-03T15:00:24+00:00","og_image":[{"url":"https:\/\/courgescie.com\/wp-content\/uploads\/2024\/05\/Publication-Facebook-1024x538.jpg","type":"","width":"","height":""}],"twitter_card":"summary_large_image","twitter_title":"Opening hours | Courges &amp; cie","twitter_description":"Courges & cie is a love story between the land and the pleasures of the table. But first and foremost, it's about family, values and heart.","twitter_image":"https:\/\/courgescie.com\/wp-content\/uploads\/2024\/05\/Publication-Facebook-1024x538.jpg","twitter_misc":{"Est. reading time":"3 minutes"},"schema":{"@context":"https:\/\/schema.org","@graph":[{"@type":"WebPage","@id":"https:\/\/courgescie.com\/en\/opening-hours\/","url":"https:\/\/courgescie.com\/en\/opening-hours\/","name":"Opening hours | Courges &amp; cie","isPartOf":{"@id":"https:\/\/courgescie.com\/en\/#website"},"primaryImageOfPage":{"@id":"https:\/\/courgescie.com\/en\/opening-hours\/#primaryimage"},"image":{"@id":"https:\/\/courgescie.com\/en\/opening-hours\/#primaryimage"},"thumbnailUrl":"https:\/\/courgescie.com\/wp-content\/uploads\/2024\/05\/Publication-Facebook.jpg","datePublished":"2024-05-03T18:11:07+00:00","dateModified":"2024-12-03T15:00:24+00:00","description":"Courges & cie is a love story between the land and the pleasures of the table. But first and foremost, it's about family, values and heart.","breadcrumb":{"@id":"https:\/\/courgescie.com\/en\/opening-hours\/#breadcrumb"},"inLanguage":"en-US","potentialAction":[{"@type":"ReadAction","target":["https:\/\/courgescie.com\/en\/opening-hours\/"]}]},{"@type":"ImageObject","inLanguage":"en-US","@id":"https:\/\/courgescie.com\/en\/opening-hours\/#primaryimage","url":"https:\/\/courgescie.com\/wp-content\/uploads\/2024\/05\/Publication-Facebook.jpg","contentUrl":"https:\/\/courgescie.com\/wp-content\/uploads\/2024\/05\/Publication-Facebook.jpg","width":1200,"height":630},{"@type":"BreadcrumbList","@id":"https:\/\/courgescie.com\/en\/opening-hours\/#breadcrumb","itemListElement":[{"@type":"ListItem","position":1,"name":"Accueil","item":"https:\/\/courgescie.com\/en\/"},{"@type":"ListItem","position":2,"name":"Opening hours"}]},{"@type":"WebSite","@id":"https:\/\/courgescie.com\/en\/#website","url":"https:\/\/courgescie.com\/en\/","name":"Courges &amp; cie","description":"Courges &amp; cie","potentialAction":[{"@type":"SearchAction","target":{"@type":"EntryPoint","urlTemplate":"https:\/\/courgescie.com\/en\/?s={search_term_string}"},"query-input":{"@type":"PropertyValueSpecification","valueRequired":true,"valueName":"search_term_string"}}],"inLanguage":"en-US"}]}},"_links":{"self":[{"href":"https:\/\/courgescie.com\/en\/wp-json\/wp\/v2\/pages\/3687","targetHints":{"allow":["GET"]}}],"collection":[{"href":"https:\/\/courgescie.com\/en\/wp-json\/wp\/v2\/pages"}],"about":[{"href":"https:\/\/courgescie.com\/en\/wp-json\/wp\/v2\/types\/page"}],"author":[{"embeddable":true,"href":"https:\/\/courgescie.com\/en\/wp-json\/wp\/v2\/users\/1"}],"replies":[{"embeddable":true,"href":"https:\/\/courgescie.com\/en\/wp-json\/wp\/v2\/comments?post=3687"}],"version-history":[{"count":2,"href":"https:\/\/courgescie.com\/en\/wp-json\/wp\/v2\/pages\/3687\/revisions"}],"predecessor-version":[{"id":3689,"href":"https:\/\/courgescie.com\/en\/wp-json\/wp\/v2\/pages\/3687\/revisions\/3689"}],"wp:featuredmedia":[{"embeddable":true,"href":"https:\/\/courgescie.com\/en\/wp-json\/wp\/v2\/media\/2013"}],"wp:attachment":[{"href":"https:\/\/courgescie.com\/en\/wp-json\/wp\/v2\/media?parent=3687"}],"wp:term":[{"taxonomy":"dipi_cpt_category","embeddable":true,"href":"https:\/\/courgescie.com\/en\/wp-json\/wp\/v2\/dipi_cpt_category?post=3687"}],"curies":[{"name":"wp","href":"https:\/\/api.w.org\/{rel}","templated":true}]}}