{"id":3669,"date":"2024-05-03T14:09:10","date_gmt":"2024-05-03T18:09:10","guid":{"rendered":"https:\/\/courgescie.com\/farmer-s-bistro\/sweet-menu\/"},"modified":"2025-01-14T08:55:35","modified_gmt":"2025-01-14T13:55:35","slug":"sweet-menu","status":"publish","type":"page","link":"https:\/\/courgescie.com\/en\/farmer-s-bistro\/sweet-menu\/","title":{"rendered":"Sweet menu"},"content":{"rendered":"<p>[et_pb_section fb_built=&#8221;1&#8243; custom_padding_last_edited=&#8221;on|desktop&#8221; admin_label=&#8221;Menu des sucres&#8221; module_class=&#8221;section-header&#8221; _builder_version=&#8221;4.25.0&#8243; _module_preset=&#8221;default&#8221; use_background_color_gradient=&#8221;on&#8221; background_color_gradient_stops=&#8221;rgba(3,3,3,0.01) 0%|rgba(1,1,1,0.38) 50%|rgba(0,0,0,0.51) 100%&#8221; background_color_gradient_overlays_image=&#8221;on&#8221; background_image=&#8221;https:\/\/courgescie.com\/wp-content\/uploads\/2024\/05\/DECOUVRIR-LE-BISTRO-FERMIER.jpg&#8221; custom_padding=&#8221;120px||120px||true|false&#8221; custom_padding_tablet=&#8221;80px||60px||false|false&#8221; custom_padding_phone=&#8221;50px||40px||false|false&#8221; global_colors_info=&#8221;{}&#8221;][et_pb_row module_class=&#8221;row-90 row-header&#8221; _builder_version=&#8221;4.25.0&#8243; _module_preset=&#8221;default&#8221; animation_style=&#8221;slide&#8221; animation_direction=&#8221;left&#8221; animation_duration=&#8221;1200ms&#8221; global_colors_info=&#8221;{}&#8221;][et_pb_column type=&#8221;4_4&#8243; _builder_version=&#8221;4.25.0&#8243; _module_preset=&#8221;default&#8221; global_colors_info=&#8221;{}&#8221;][et_pb_text admin_label=&#8221;D\u00c9COUVRIR LE BISTRO-FERMIER&#8221; _builder_version=&#8221;4.25.0&#8243; _module_preset=&#8221;fc087b82-a703-4402-8836-852ecf54e852&#8243; custom_margin=&#8221;||15px||false|false&#8221; header_font_size_tablet=&#8221;40px&#8221; global_colors_info=&#8221;{}&#8221;]<\/p>\n<h1>DISCOVER THE FARM BISTRO<\/h1>\n<p>[\/et_pb_text][et_pb_text admin_label=&#8221;Une cuisine sans pr\u00e9tention \u00e9voluant au gr\u00e9 des saisons et vous proposant les produits de notre ferme et de notre terroir. Ouvert 10 mois par ann\u00e9e, du 8 mars au 31 d\u00e9cembre&#8221; _builder_version=&#8221;4.25.0&#8243; _module_preset=&#8221;85a56b8f-1810-45e4-b8d9-101c58c22ca3&#8243; text_text_color=&#8221;#FFFFFF&#8221; text_font_size=&#8221;18px&#8221; text_font_size_tablet=&#8221;17px&#8221; text_font_size_phone=&#8221;15px&#8221; global_colors_info=&#8221;{}&#8221;]<\/p>\n<p>An unpretentious kitchen evolving with the seasons, offering you products from our farm and our local terroir. Open 10 months a year, from March 8 to December 31.<\/p>\n<p>Let yourself be tempted by the experience of seasonality and freshness.<\/p>\n<p><strong>Welcome!<\/strong><\/p>\n<p>[\/et_pb_text][\/et_pb_column][\/et_pb_row][\/et_pb_section][et_pb_section fb_built=&#8221;1&#8243; admin_label=&#8221;Le menu du bistro&#8221; _builder_version=&#8221;4.25.0&#8243; _module_preset=&#8221;default&#8221; background_color=&#8221;#FBB040&#8243; custom_padding=&#8221;0px||0px||true|false&#8221; global_module=&#8221;510&#8243; saved_tabs=&#8221;all&#8221; global_colors_info=&#8221;{}&#8221;][et_pb_row module_class=&#8221;row-90 row-menu-bistro&#8221; _builder_version=&#8221;4.25.0&#8243; _module_preset=&#8221;default&#8221; custom_padding=&#8221;0px||0px||true|false&#8221; global_colors_info=&#8221;{}&#8221;][et_pb_column type=&#8221;4_4&#8243; _builder_version=&#8221;4.25.0&#8243; _module_preset=&#8221;default&#8221; global_colors_info=&#8221;{}&#8221;][et_pb_menu menu_id=&#8221;8&#8243; module_class=&#8221;menu-bistro&#8221; _builder_version=&#8221;4.25.0&#8243; _module_preset=&#8221;default&#8221; menu_font=&#8221;Raleway|700||on|||||&#8221; menu_text_color=&#8221;#000000&#8243; menu_font_size=&#8221;20px&#8221; menu_line_height=&#8221;1.2em&#8221; background_enable_color=&#8221;off&#8221; menu_font_size_tablet=&#8221;20px&#8221; menu_font_size_phone=&#8221;20px&#8221; menu_font_size_last_edited=&#8221;on|desktop&#8221; global_colors_info=&#8221;{}&#8221; menu_text_color__hover_enabled=&#8221;on|hover&#8221; menu_text_color__hover=&#8221;#FFFFFF&#8221;][\/et_pb_menu][\/et_pb_column][\/et_pb_row][\/et_pb_section][et_pb_section fb_built=&#8221;1&#8243; module_id=&#8221;carte&#8221; _builder_version=&#8221;4.25.0&#8243; _module_preset=&#8221;default&#8221; background_color=&#8221;#FFFFFF&#8221; custom_padding=&#8221;45px||45px||true|false&#8221; global_colors_info=&#8221;{}&#8221;][et_pb_row use_custom_gutter=&#8221;on&#8221; make_equal=&#8221;on&#8221; module_class=&#8221;row-90 row-menu&#8221; _builder_version=&#8221;4.25.0&#8243; _module_preset=&#8221;default&#8221; custom_padding=&#8221;0px||0px||true|false&#8221; animation_style=&#8221;slide&#8221; animation_duration=&#8221;1200ms&#8221; global_colors_info=&#8221;{}&#8221;][et_pb_column type=&#8221;4_4&#8243; _builder_version=&#8221;4.25.0&#8243; _module_preset=&#8221;default&#8221; custom_css_main_element=&#8221;display: -webkit-box;||  display: -moz-box;||  display: -webkit-flex;||  display: -ms-flexbox;||  display: flex;||||-webkit-justify-content:center;||justify-content:center;||||-moz-flex-direction:column;||-ms-flex-direction:column;||-webkit-flex-direction:column;||flex-direction:column;&#8221; global_colors_info=&#8221;{}&#8221;][et_pb_text admin_label=&#8221;Chez Courges &#038; cie, nous vibrons au rythme des saisons et le temps des sucres n\u2019y fait pas exception. En effet, du 8 mars au 28 avril (vendredi au dimanche), le menu \u00e0 la carte fait place \u00e0 notre menu des sucres.&#8221; module_class=&#8221;titre&#8221; _builder_version=&#8221;4.25.0&#8243; _module_preset=&#8221;85a56b8f-1810-45e4-b8d9-101c58c22ca3&#8243; header_2_font=&#8221;Raleway|800||on|||||&#8221; global_colors_info=&#8221;{}&#8221;]<\/p>\n<p>At Courges &#038; cie, we live in harmony with the seasons, and the sugaring-off season is no exception. From March 8 to April 28 (Friday to Sunday), our \u00e0 la carte menu gives way to our sugar season menu.<\/p>\n<p>Our chef, Florence, invites you to come discover our innovative menu where tradition and gastronomy meet. In a sharing-style format, we offer you a country-style meal at the farm, focusing on the quality and authenticity of products from our farm and our beautiful region.<\/p>\n<p>[\/et_pb_text][\/et_pb_column][\/et_pb_row][\/et_pb_section][et_pb_section fb_built=&#8221;1&#8243; _builder_version=&#8221;4.25.0&#8243; _module_preset=&#8221;default&#8221; background_color=&#8221;#000000&#8243; custom_padding=&#8221;0px||0px||true|false&#8221; scroll_vertical_motion_enable=&#8221;on&#8221; scroll_vertical_motion=&#8221;0|50|50|100|1|0|0&#8243; motion_trigger_start=&#8221;top&#8221; global_colors_info=&#8221;{}&#8221;][et_pb_row column_structure=&#8221;2_5,3_5&#8243; use_custom_gutter=&#8221;on&#8221; gutter_width=&#8221;1&#8243; make_equal=&#8221;on&#8221; module_class=&#8221;row-menu-en-salle&#8221; _builder_version=&#8221;4.25.0&#8243; _module_preset=&#8221;default&#8221; width=&#8221;100%&#8221; width_tablet=&#8221;100%&#8221; max_width=&#8221;100%&#8221; custom_padding=&#8221;0px||0px||true|false&#8221; global_colors_info=&#8221;{}&#8221;][et_pb_column type=&#8221;2_5&#8243; _builder_version=&#8221;4.25.0&#8243; _module_preset=&#8221;default&#8221; custom_css_main_element=&#8221;display: -webkit-box;||  display: -moz-box;||  display: -webkit-flex;||  display: -ms-flexbox;||  display: flex;||||-webkit-justify-content:center;||justify-content:center;||||-moz-flex-direction:column;||-ms-flex-direction:column;||-webkit-flex-direction:column;||flex-direction:column;&#8221; global_colors_info=&#8221;{}&#8221;][et_pb_image src=&#8221;https:\/\/courgescie.com\/wp-content\/uploads\/2024\/05\/MENU-DES-SUCRES.jpg&#8221; title_text=&#8221;MENU DES SUCRES&#8221; _builder_version=&#8221;4.25.0&#8243; _module_preset=&#8221;default&#8221; width_tablet=&#8221;70%&#8221; width_phone=&#8221;80%&#8221; width_last_edited=&#8221;on|tablet&#8221; module_alignment_tablet=&#8221;center&#8221; module_alignment_phone=&#8221;center&#8221; module_alignment_last_edited=&#8221;on|tablet&#8221; global_colors_info=&#8221;{}&#8221;][\/et_pb_image][\/et_pb_column][et_pb_column type=&#8221;3_5&#8243; module_class=&#8221;colonne-deux&#8221; _builder_version=&#8221;4.25.0&#8243; _module_preset=&#8221;default&#8221; background_image=&#8221;https:\/\/courgescie.com\/wp-content\/uploads\/2024\/05\/background-en-salle.jpg&#8221; background_position=&#8221;center_right&#8221; custom_padding=&#8221;3%|5%|3%|5%|true|true&#8221; custom_padding_tablet=&#8221;5%|5%|5%|5%|true|true&#8221; custom_padding_phone=&#8221;8%|3%|8%|3%|true|true&#8221; custom_padding_last_edited=&#8221;on|desktop&#8221; background_last_edited=&#8221;on|phone&#8221; background_enable_image_phone=&#8221;off&#8221; global_colors_info=&#8221;{}&#8221;][et_pb_text admin_label=&#8221;MENU EN SALLE \u00c0 MANGER&#8221; _builder_version=&#8221;4.25.0&#8243; _module_preset=&#8221;2fc6cb4d-6dae-4cd5-9302-add158fe4fc9&#8243; header_2_text_color=&#8221;#FBB040&#8243; global_colors_info=&#8221;{}&#8221;]<\/p>\n<h2>DINING ROOM MENU<\/h2>\n<p>[\/et_pb_text][et_pb_text module_class=&#8221;texte-salle-a-manger&#8221; _builder_version=&#8221;4.25.0&#8243; _module_preset=&#8221;85a56b8f-1810-45e4-b8d9-101c58c22ca3&#8243; text_text_color=&#8221;#FFFFFF&#8221; width=&#8221;80%&#8221; width_tablet=&#8221;100%&#8221; width_phone=&#8221;100%&#8221; width_last_edited=&#8221;on|desktop&#8221; custom_margin=&#8221;||30px||false|false&#8221; global_colors_info=&#8221;{}&#8221;]<\/p>\n<p>&#8211; Traditional pea soup with lardons and maple syrup<br \/>&#8211; Bacon candy caramelized with maple syrup and Espelette pepper<br \/>&#8211; Homemade pumpkin rolls<br \/>&#8211; Whipped butter with butternut squash and caramelized onions<\/p>\n<p>&#8211; Frittata with roasted cherry tomatoes and ricotta<br \/>&#8211; Signature dish by our chef Florence:<br \/>\u00a0 \u00a0 Loaded wedge potatoes gratinated with &#8220;La t\u00eate \u00e0 Papineau&#8221; cheese from\u00a0 \u00a0 \u00a0 \u00a0 Montebello cheese factory, gourmet sauce, caramelized onions, and crumbled\u00a0 \u00a0 \u00a0 grilled pork<br \/>&#8211; Baked beans with maple and coffee<br \/>&#8211; Maple-glazed caramelized pork shanks<br \/>&#8211; Artisan pork sausages with apples and maple syrup<br \/>&#8211; Shredded romaine lettuce with creamy three-pepper dressing from Lac St-Jean<\/p>\n<p>&#8211; Assortment of donuts<br \/>&#8211; Maple cotton candy<br \/>&#8211; Coffee\/tea\/herbal tea<\/p>\n<p>[\/et_pb_text][et_pb_text _builder_version=&#8221;4.25.0&#8243; _module_preset=&#8221;2fc6cb4d-6dae-4cd5-9302-add158fe4fc9&#8243; header_2_text_color=&#8221;#FBB040&#8243; global_colors_info=&#8221;{}&#8221;]<\/p>\n<h2>Prices<\/h2>\n<p>[\/et_pb_text][et_pb_code _builder_version=&#8221;4.27.4&#8243; _module_preset=&#8221;default&#8221; custom_margin=&#8221;||30px||false|false&#8221; custom_margin_tablet=&#8221;||30px||false|false&#8221; custom_margin_phone=&#8221;||30px||false|false&#8221; custom_margin_last_edited=&#8221;on|desktop&#8221; hover_enabled=&#8221;0&#8243; global_colors_info=&#8221;{}&#8221; sticky_enabled=&#8221;0&#8243;]<\/p>\n<div class=\"container-blocs\"><!-- [et_pb_line_break_holder] -->  <\/p>\n<div class=\"les-blocs\"><!-- [et_pb_line_break_holder] -->  <img decoding=\"async\" src=\"\/wp-content\/uploads\/2024\/05\/parents.png\"\/><!-- [et_pb_line_break_holder] -->    <pee><strong>Adults (13 years and +)<\/strong><!\u2013- [et_pb_br_holder] -\u2013>49.50$ + taxes and service<\/pee><!-- [et_pb_line_break_holder] -->  <\/div>\n<p><!-- [et_pb_line_break_holder] -->  <\/p>\n<div class=\"les-blocs\"><!-- [et_pb_line_break_holder] -->  <img decoding=\"async\" src=\"\/wp-content\/uploads\/2024\/05\/children.png\"\/><!-- [et_pb_line_break_holder] -->    <pee><strong>Children (4 to 12 years old)<\/strong><!\u2013- [et_pb_br_holder] -\u2013>25$ + taxes and service<\/pee><!-- [et_pb_line_break_holder] -->  <\/div>\n<p><!-- [et_pb_line_break_holder] -->  <\/p>\n<div class=\"les-blocs\"><!-- [et_pb_line_break_holder] -->  <img decoding=\"async\" src=\"\/wp-content\/uploads\/2024\/05\/baby-boy.png\"\/><!-- [et_pb_line_break_holder] -->    <pee><strong>Baby (0 to 3 years old)<\/strong><!\u2013- [et_pb_br_holder] -\u2013>free without a meal, <!-- [et_pb_line_break_holder] -->sharing with parents<\/pee><!-- [et_pb_line_break_holder] -->  <\/div>\n<p><!-- [et_pb_line_break_holder] --><\/div>\n<p>[\/et_pb_code][et_pb_button button_url=&#8221;https:\/\/app.tixigo.com\/TOffice?token=UuP9z39XkvU7QVy3zaUxCFBQFtB%2Bg7sW0cWMhItujXo%3D&#8221; url_new_window=&#8221;on&#8221; button_text=&#8221;Reservation&#8221; _builder_version=&#8221;4.27.4&#8243; _module_preset=&#8221;default&#8221; custom_button=&#8221;on&#8221; button_text_size=&#8221;16px&#8221; button_bg_color=&#8221;#FBB040&#8243; button_border_color=&#8221;#FBB040&#8243; button_font=&#8221;|||on|||||&#8221; custom_padding=&#8221;10px|40px|10px|40px|true|true&#8221; custom_padding_tablet=&#8221;10px|40px|10px|40px|true|true&#8221; custom_padding_phone=&#8221;5px|25px|5px|25px|true|true&#8221; custom_padding_last_edited=&#8221;on|desktop&#8221; button_text_size_tablet=&#8221;16px&#8221; button_text_size_phone=&#8221;15px&#8221; button_text_size_last_edited=&#8221;on|desktop&#8221; global_colors_info=&#8221;{}&#8221; button_bg_color__hover_enabled=&#8221;on|hover&#8221; button_bg_color__hover=&#8221;#FFFFFF&#8221; button_bg_enable_color__hover=&#8221;on&#8221;][\/et_pb_button][\/et_pb_column][\/et_pb_row][\/et_pb_section]<\/p>\n","protected":false},"excerpt":{"rendered":"<p>DISCOVER THE FARM BISTROAn unpretentious kitchen evolving with the seasons, offering you products from our farm and our local terroir. Open 10 months a year, from March 8 to December 31. Let yourself be tempted by the experience of seasonality and freshness. Welcome!At Courges &#038; cie, we live in harmony with the seasons, and the [&hellip;]<\/p>\n","protected":false},"author":1,"featured_media":2013,"parent":3659,"menu_order":0,"comment_status":"closed","ping_status":"closed","template":"","meta":{"_et_pb_use_builder":"on","_et_pb_old_content":"","_et_gb_content_width":"","footnotes":""},"dipi_cpt_category":[],"class_list":["post-3669","page","type-page","status-publish","has-post-thumbnail","hentry"],"yoast_head":"<!-- This site is optimized with the Yoast SEO plugin v27.5 - https:\/\/yoast.com\/product\/yoast-seo-wordpress\/ -->\n<title>Sweet menu | Courges &amp; cie<\/title>\n<meta name=\"description\" content=\"Courges &amp; cie is a love story between the land and the pleasures of the table. But first and foremost, it&#039;s about family, values and heart.\" \/>\n<meta name=\"robots\" content=\"index, follow, max-snippet:-1, max-image-preview:large, max-video-preview:-1\" \/>\n<link rel=\"canonical\" href=\"https:\/\/courgescie.com\/en\/farmer-s-bistro\/sweet-menu\/\" \/>\n<meta property=\"og:locale\" content=\"en_US\" \/>\n<meta property=\"og:type\" content=\"article\" \/>\n<meta property=\"og:title\" content=\"Sweet menu | Courges &amp; cie\" \/>\n<meta property=\"og:description\" content=\"Courges &amp; cie is a love story between the land and the pleasures of the table. But first and foremost, it&#039;s about family, values and heart.\" \/>\n<meta property=\"og:url\" content=\"https:\/\/courgescie.com\/en\/farmer-s-bistro\/sweet-menu\/\" \/>\n<meta property=\"og:site_name\" content=\"Courges &amp; cie\" \/>\n<meta property=\"article:modified_time\" content=\"2025-01-14T13:55:35+00:00\" \/>\n<meta property=\"og:image\" content=\"https:\/\/courgescie.com\/wp-content\/uploads\/2024\/05\/Publication-Facebook-1024x538.jpg\" \/>\n<meta name=\"twitter:card\" content=\"summary_large_image\" \/>\n<meta name=\"twitter:title\" content=\"Sweet menu | Courges &amp; cie\" \/>\n<meta name=\"twitter:description\" content=\"Courges &amp; cie is a love story between the land and the pleasures of the table. But first and foremost, it&#039;s about family, values and heart.\" \/>\n<meta name=\"twitter:image\" content=\"https:\/\/courgescie.com\/wp-content\/uploads\/2024\/05\/Publication-Facebook-1024x538.jpg\" \/>\n<meta name=\"twitter:label1\" content=\"Est. reading time\" \/>\n\t<meta name=\"twitter:data1\" content=\"6 minutes\" \/>\n<script type=\"application\/ld+json\" class=\"yoast-schema-graph\">{\"@context\":\"https:\\\/\\\/schema.org\",\"@graph\":[{\"@type\":\"WebPage\",\"@id\":\"https:\\\/\\\/courgescie.com\\\/en\\\/farmer-s-bistro\\\/sweet-menu\\\/\",\"url\":\"https:\\\/\\\/courgescie.com\\\/en\\\/farmer-s-bistro\\\/sweet-menu\\\/\",\"name\":\"Sweet menu | Courges &amp; cie\",\"isPartOf\":{\"@id\":\"https:\\\/\\\/courgescie.com\\\/en\\\/#website\"},\"primaryImageOfPage\":{\"@id\":\"https:\\\/\\\/courgescie.com\\\/en\\\/farmer-s-bistro\\\/sweet-menu\\\/#primaryimage\"},\"image\":{\"@id\":\"https:\\\/\\\/courgescie.com\\\/en\\\/farmer-s-bistro\\\/sweet-menu\\\/#primaryimage\"},\"thumbnailUrl\":\"https:\\\/\\\/courgescie.com\\\/wp-content\\\/uploads\\\/2024\\\/05\\\/Publication-Facebook.jpg\",\"datePublished\":\"2024-05-03T18:09:10+00:00\",\"dateModified\":\"2025-01-14T13:55:35+00:00\",\"description\":\"Courges & cie is a love story between the land and the pleasures of the table. But first and foremost, it's about family, values and heart.\",\"breadcrumb\":{\"@id\":\"https:\\\/\\\/courgescie.com\\\/en\\\/farmer-s-bistro\\\/sweet-menu\\\/#breadcrumb\"},\"inLanguage\":\"en-US\",\"potentialAction\":[{\"@type\":\"ReadAction\",\"target\":[\"https:\\\/\\\/courgescie.com\\\/en\\\/farmer-s-bistro\\\/sweet-menu\\\/\"]}]},{\"@type\":\"ImageObject\",\"inLanguage\":\"en-US\",\"@id\":\"https:\\\/\\\/courgescie.com\\\/en\\\/farmer-s-bistro\\\/sweet-menu\\\/#primaryimage\",\"url\":\"https:\\\/\\\/courgescie.com\\\/wp-content\\\/uploads\\\/2024\\\/05\\\/Publication-Facebook.jpg\",\"contentUrl\":\"https:\\\/\\\/courgescie.com\\\/wp-content\\\/uploads\\\/2024\\\/05\\\/Publication-Facebook.jpg\",\"width\":1200,\"height\":630},{\"@type\":\"BreadcrumbList\",\"@id\":\"https:\\\/\\\/courgescie.com\\\/en\\\/farmer-s-bistro\\\/sweet-menu\\\/#breadcrumb\",\"itemListElement\":[{\"@type\":\"ListItem\",\"position\":1,\"name\":\"Accueil\",\"item\":\"https:\\\/\\\/courgescie.com\\\/en\\\/\"},{\"@type\":\"ListItem\",\"position\":2,\"name\":\"Farmer&#8217;s bistro\",\"item\":\"https:\\\/\\\/courgescie.com\\\/en\\\/bistro-fermier\\\/\"},{\"@type\":\"ListItem\",\"position\":3,\"name\":\"Sweet menu\"}]},{\"@type\":\"WebSite\",\"@id\":\"https:\\\/\\\/courgescie.com\\\/en\\\/#website\",\"url\":\"https:\\\/\\\/courgescie.com\\\/en\\\/\",\"name\":\"Courges &amp; cie\",\"description\":\"Courges &amp; cie\",\"potentialAction\":[{\"@type\":\"SearchAction\",\"target\":{\"@type\":\"EntryPoint\",\"urlTemplate\":\"https:\\\/\\\/courgescie.com\\\/en\\\/?s={search_term_string}\"},\"query-input\":{\"@type\":\"PropertyValueSpecification\",\"valueRequired\":true,\"valueName\":\"search_term_string\"}}],\"inLanguage\":\"en-US\"}]}<\/script>\n<!-- \/ Yoast SEO plugin. -->","yoast_head_json":{"title":"Sweet menu | Courges &amp; cie","description":"Courges & cie is a love story between the land and the pleasures of the table. But first and foremost, it's about family, values and heart.","robots":{"index":"index","follow":"follow","max-snippet":"max-snippet:-1","max-image-preview":"max-image-preview:large","max-video-preview":"max-video-preview:-1"},"canonical":"https:\/\/courgescie.com\/en\/farmer-s-bistro\/sweet-menu\/","og_locale":"en_US","og_type":"article","og_title":"Sweet menu | Courges &amp; cie","og_description":"Courges & cie is a love story between the land and the pleasures of the table. But first and foremost, it's about family, values and heart.","og_url":"https:\/\/courgescie.com\/en\/farmer-s-bistro\/sweet-menu\/","og_site_name":"Courges &amp; cie","article_modified_time":"2025-01-14T13:55:35+00:00","og_image":[{"url":"https:\/\/courgescie.com\/wp-content\/uploads\/2024\/05\/Publication-Facebook-1024x538.jpg","type":"","width":"","height":""}],"twitter_card":"summary_large_image","twitter_title":"Sweet menu | Courges &amp; cie","twitter_description":"Courges & cie is a love story between the land and the pleasures of the table. But first and foremost, it's about family, values and heart.","twitter_image":"https:\/\/courgescie.com\/wp-content\/uploads\/2024\/05\/Publication-Facebook-1024x538.jpg","twitter_misc":{"Est. reading time":"6 minutes"},"schema":{"@context":"https:\/\/schema.org","@graph":[{"@type":"WebPage","@id":"https:\/\/courgescie.com\/en\/farmer-s-bistro\/sweet-menu\/","url":"https:\/\/courgescie.com\/en\/farmer-s-bistro\/sweet-menu\/","name":"Sweet menu | Courges &amp; cie","isPartOf":{"@id":"https:\/\/courgescie.com\/en\/#website"},"primaryImageOfPage":{"@id":"https:\/\/courgescie.com\/en\/farmer-s-bistro\/sweet-menu\/#primaryimage"},"image":{"@id":"https:\/\/courgescie.com\/en\/farmer-s-bistro\/sweet-menu\/#primaryimage"},"thumbnailUrl":"https:\/\/courgescie.com\/wp-content\/uploads\/2024\/05\/Publication-Facebook.jpg","datePublished":"2024-05-03T18:09:10+00:00","dateModified":"2025-01-14T13:55:35+00:00","description":"Courges & cie is a love story between the land and the pleasures of the table. But first and foremost, it's about family, values and heart.","breadcrumb":{"@id":"https:\/\/courgescie.com\/en\/farmer-s-bistro\/sweet-menu\/#breadcrumb"},"inLanguage":"en-US","potentialAction":[{"@type":"ReadAction","target":["https:\/\/courgescie.com\/en\/farmer-s-bistro\/sweet-menu\/"]}]},{"@type":"ImageObject","inLanguage":"en-US","@id":"https:\/\/courgescie.com\/en\/farmer-s-bistro\/sweet-menu\/#primaryimage","url":"https:\/\/courgescie.com\/wp-content\/uploads\/2024\/05\/Publication-Facebook.jpg","contentUrl":"https:\/\/courgescie.com\/wp-content\/uploads\/2024\/05\/Publication-Facebook.jpg","width":1200,"height":630},{"@type":"BreadcrumbList","@id":"https:\/\/courgescie.com\/en\/farmer-s-bistro\/sweet-menu\/#breadcrumb","itemListElement":[{"@type":"ListItem","position":1,"name":"Accueil","item":"https:\/\/courgescie.com\/en\/"},{"@type":"ListItem","position":2,"name":"Farmer&#8217;s bistro","item":"https:\/\/courgescie.com\/en\/bistro-fermier\/"},{"@type":"ListItem","position":3,"name":"Sweet menu"}]},{"@type":"WebSite","@id":"https:\/\/courgescie.com\/en\/#website","url":"https:\/\/courgescie.com\/en\/","name":"Courges &amp; cie","description":"Courges &amp; cie","potentialAction":[{"@type":"SearchAction","target":{"@type":"EntryPoint","urlTemplate":"https:\/\/courgescie.com\/en\/?s={search_term_string}"},"query-input":{"@type":"PropertyValueSpecification","valueRequired":true,"valueName":"search_term_string"}}],"inLanguage":"en-US"}]}},"_links":{"self":[{"href":"https:\/\/courgescie.com\/en\/wp-json\/wp\/v2\/pages\/3669","targetHints":{"allow":["GET"]}}],"collection":[{"href":"https:\/\/courgescie.com\/en\/wp-json\/wp\/v2\/pages"}],"about":[{"href":"https:\/\/courgescie.com\/en\/wp-json\/wp\/v2\/types\/page"}],"author":[{"embeddable":true,"href":"https:\/\/courgescie.com\/en\/wp-json\/wp\/v2\/users\/1"}],"replies":[{"embeddable":true,"href":"https:\/\/courgescie.com\/en\/wp-json\/wp\/v2\/comments?post=3669"}],"version-history":[{"count":4,"href":"https:\/\/courgescie.com\/en\/wp-json\/wp\/v2\/pages\/3669\/revisions"}],"predecessor-version":[{"id":4141,"href":"https:\/\/courgescie.com\/en\/wp-json\/wp\/v2\/pages\/3669\/revisions\/4141"}],"up":[{"embeddable":true,"href":"https:\/\/courgescie.com\/en\/wp-json\/wp\/v2\/pages\/3659"}],"wp:featuredmedia":[{"embeddable":true,"href":"https:\/\/courgescie.com\/en\/wp-json\/wp\/v2\/media\/2013"}],"wp:attachment":[{"href":"https:\/\/courgescie.com\/en\/wp-json\/wp\/v2\/media?parent=3669"}],"wp:term":[{"taxonomy":"dipi_cpt_category","embeddable":true,"href":"https:\/\/courgescie.com\/en\/wp-json\/wp\/v2\/dipi_cpt_category?post=3669"}],"curies":[{"name":"wp","href":"https:\/\/api.w.org\/{rel}","templated":true}]}}