{"id":3641,"date":"2024-05-07T13:56:44","date_gmt":"2024-05-07T17:56:44","guid":{"rendered":"https:\/\/courgescie.com\/you-pick\/pumpkin-and-squash\/"},"modified":"2024-12-03T08:42:14","modified_gmt":"2024-12-03T13:42:14","slug":"pumpkin-and-squash","status":"publish","type":"page","link":"https:\/\/courgescie.com\/en\/self-picking\/pumpkin-and-squash\/","title":{"rendered":"Pumpkin and squash"},"content":{"rendered":"<p>[et_pb_section fb_built=&#8221;1&#8243; custom_padding_last_edited=&#8221;on|desktop&#8221; module_class=&#8221;section-header&#8221; _builder_version=&#8221;4.25.0&#8243; _module_preset=&#8221;default&#8221; use_background_color_gradient=&#8221;on&#8221; background_color_gradient_stops=&#8221;rgba(3,3,3,0.01) 0%|rgba(1,1,1,0.38) 50%|rgba(0,0,0,0.51) 100%&#8221; background_color_gradient_overlays_image=&#8221;on&#8221; background_image=&#8221;https:\/\/courgescie.com\/wp-content\/uploads\/2024\/05\/image-Autocueillette.jpg&#8221; custom_padding=&#8221;120px||120px||true|false&#8221; custom_padding_tablet=&#8221;80px||60px||false|false&#8221; custom_padding_phone=&#8221;50px||40px||false|false&#8221; hover_enabled=&#8221;0&#8243; global_colors_info=&#8221;{}&#8221; admin_label=&#8221;Citrouille et courge&#8221; sticky_enabled=&#8221;0&#8243;][et_pb_row module_class=&#8221;row-90 row-header&#8221; _builder_version=&#8221;4.25.0&#8243; _module_preset=&#8221;default&#8221; animation_style=&#8221;slide&#8221; animation_direction=&#8221;left&#8221; animation_duration=&#8221;1200ms&#8221; global_colors_info=&#8221;{}&#8221;][et_pb_column type=&#8221;4_4&#8243; _builder_version=&#8221;4.25.0&#8243; _module_preset=&#8221;default&#8221; global_colors_info=&#8221;{}&#8221;][et_pb_text _builder_version=&#8221;4.25.0&#8243; _module_preset=&#8221;fc087b82-a703-4402-8836-852ecf54e852&#8243; hover_enabled=&#8221;0&#8243; global_colors_info=&#8221;{}&#8221; admin_label=&#8221;AUTOCUEILLETTE&#8221; sticky_enabled=&#8221;0&#8243;]<\/p>\n<h1>SELF-PICKING<\/h1>\n<p>[\/et_pb_text][\/et_pb_column][\/et_pb_row][\/et_pb_section][et_pb_section fb_built=&#8221;1&#8243; _builder_version=&#8221;4.25.0&#8243; _module_preset=&#8221;default&#8221; background_color=&#8221;#000000&#8243; global_colors_info=&#8221;{}&#8221;][et_pb_row column_structure=&#8221;2_3,1_3&#8243; use_custom_gutter=&#8221;on&#8221; make_equal=&#8221;on&#8221; module_class=&#8221;row-90 row-autocueillette&#8221; _builder_version=&#8221;4.25.0&#8243; _module_preset=&#8221;default&#8221; custom_padding=&#8221;0px||0px||true|false&#8221; animation_style=&#8221;slide&#8221; animation_duration=&#8221;1200ms&#8221; global_colors_info=&#8221;{}&#8221;][et_pb_column type=&#8221;2_3&#8243; _builder_version=&#8221;4.25.0&#8243; _module_preset=&#8221;default&#8221; custom_css_main_element=&#8221;display: -webkit-box;||  display: -moz-box;||  display: -webkit-flex;||  display: -ms-flexbox;||  display: flex;||||-webkit-justify-content:center;||justify-content:center;||||-moz-flex-direction:column;||-ms-flex-direction:column;||-webkit-flex-direction:column;||flex-direction:column;&#8221; global_colors_info=&#8221;{}&#8221;][et_pb_text module_class=&#8221;titre&#8221; _builder_version=&#8221;4.25.0&#8243; _module_preset=&#8221;2fc6cb4d-6dae-4cd5-9302-add158fe4fc9&#8243; header_2_font=&#8221;Raleway|800||on|||||&#8221; header_2_text_color=&#8221;#FBB040&#8243; hover_enabled=&#8221;0&#8243; global_colors_info=&#8221;{}&#8221; admin_label=&#8221;L&#8217;autocueillette Citrouille et courge&#8221; sticky_enabled=&#8221;0&#8243;]<\/p>\n<h2>Self-picking Pumpkin and squash<\/h2>\n<p>[\/et_pb_text][et_pb_text _builder_version=&#8221;4.25.0&#8243; _module_preset=&#8221;85a56b8f-1810-45e4-b8d9-101c58c22ca3&#8243; text_text_color=&#8221;#FFFFFF&#8221; hover_enabled=&#8221;0&#8243; global_colors_info=&#8221;{}&#8221; admin_label=&#8221;L&#8217;autocueillette de courges et citrouilles est habituellement disponible \u00e0 partir de la 2i\u00e8me semaine de septembre jusqu&#8217;\u00e0 la fin octobre. Les courges \u00e9tant plus sensibles au froid que les citrouilles, il est recommand\u00e9 de pratiquer l&#8217;autocueillette des courges au cours du mois de septembre pour de meilleurs r\u00e9sultats.&#8221; sticky_enabled=&#8221;0&#8243;]<\/p>\n<p>Squash and pumpkin self-picking is usually available from the second week of September until the end of October. Since squash is more sensitive to cold than pumpkins, it is recommended to practice squash self-picking <strong>during the month of September for better results.<\/strong><\/p>\n<p>We have over <strong>250 varieties of squash and pumpkins<\/strong> in all shapes and colors.<\/p>\n<p>This year&#8217;s price is <strong>$1.50 per pound for squash and $0.50 per pound<\/strong> for pumpkins.<\/p>\n<p>We provide wheelbarrows to make your picking easier.<\/p>\n<p>[\/et_pb_text][\/et_pb_column][et_pb_column type=&#8221;1_3&#8243; _builder_version=&#8221;4.25.0&#8243; _module_preset=&#8221;default&#8221; custom_css_main_element=&#8221;display: -webkit-box;||  display: -moz-box;||  display: -webkit-flex;||  display: -ms-flexbox;||  display: flex;||||-webkit-justify-content:center;||justify-content:center;||||-moz-flex-direction:column;||-ms-flex-direction:column;||-webkit-flex-direction:column;||flex-direction:column;&#8221; global_colors_info=&#8221;{}&#8221;][et_pb_image src=&#8221;https:\/\/courgescie.com\/wp-content\/uploads\/2024\/05\/pumpkins-different-varieties-white-background.png&#8221; title_text=&#8221;pumpkins-different-varieties-white-background&#8221; align=&#8221;center&#8221; _builder_version=&#8221;4.25.0&#8243; _module_preset=&#8221;default&#8221; width_tablet=&#8221;80%&#8221; width_phone=&#8221;90%&#8221; width_last_edited=&#8221;on|tablet&#8221; global_colors_info=&#8221;{}&#8221;][\/et_pb_image][\/et_pb_column][\/et_pb_row][\/et_pb_section][et_pb_section fb_built=&#8221;1&#8243; _builder_version=&#8221;4.25.0&#8243; _module_preset=&#8221;default&#8221; custom_padding=&#8221;0px||0px||true|false&#8221; global_colors_info=&#8221;{}&#8221;][et_pb_row column_structure=&#8221;1_2,1_2&#8243; use_custom_gutter=&#8221;on&#8221; gutter_width=&#8221;1&#8243; make_equal=&#8221;on&#8221; module_class=&#8221;row-methode&#8221; _builder_version=&#8221;4.25.0&#8243; _module_preset=&#8221;default&#8221; width=&#8221;100%&#8221; width_tablet=&#8221;100%&#8221; width_phone=&#8221;100%&#8221; max_width=&#8221;100%&#8221; custom_padding=&#8221;0px||0px||true|false&#8221; global_colors_info=&#8221;{}&#8221;][et_pb_column type=&#8221;1_2&#8243; module_class=&#8221;colonne-un&#8221; _builder_version=&#8221;4.25.0&#8243; _module_preset=&#8221;default&#8221; global_colors_info=&#8221;{}&#8221;][et_pb_image src=&#8221;https:\/\/courgescie.com\/wp-content\/uploads\/2024\/05\/MENU-EN-SALLE-A-MANGER.jpg&#8221; title_text=&#8221;DINING ROOM MENU&#8221; _builder_version=&#8221;4.25.0&#8243; _module_preset=&#8221;default&#8221; global_colors_info=&#8221;{}&#8221;][\/et_pb_image][\/et_pb_column][et_pb_column type=&#8221;1_2&#8243; module_class=&#8221;colonne-deux&#8221; _builder_version=&#8221;4.25.0&#8243; _module_preset=&#8221;default&#8221; custom_padding=&#8221;5%|5%|5%|5%|true|true&#8221; custom_padding_tablet=&#8221;5%|5%|5%|5%|true|true&#8221; custom_padding_phone=&#8221;5%|5%|5%|5%|true|true&#8221; custom_padding_last_edited=&#8221;on|desktop&#8221; animation_style=&#8221;slide&#8221; animation_duration=&#8221;1200ms&#8221; global_colors_info=&#8221;{}&#8221;][et_pb_text module_class=&#8221;titre&#8221; _builder_version=&#8221;4.25.0&#8243; _module_preset=&#8221;2fc6cb4d-6dae-4cd5-9302-add158fe4fc9&#8243; hover_enabled=&#8221;0&#8243; global_colors_info=&#8221;{}&#8221; admin_label=&#8221;M\u00e9thode de Conservation&#8221; sticky_enabled=&#8221;0&#8243;]<\/p>\n<h2>Preservation method<\/h2>\n<p>[\/et_pb_text][et_pb_text _builder_version=&#8221;4.25.0&#8243; _module_preset=&#8221;85a56b8f-1810-45e4-b8d9-101c58c22ca3&#8243; hover_enabled=&#8221;0&#8243; global_colors_info=&#8221;{}&#8221; admin_label=&#8221;Pour la conservation, l\u2019id\u00e9al est de conserver vos courges et citrouilles \u00e0 une temp\u00e9rature de 12 Celcius avec une humidit\u00e9 de 60%. Toutefois, d\u2019un c\u00f4t\u00e9 plus pratique, le sous-sol peut-\u00eatre un bon endroit si le pourcentage d\u2019humidit\u00e9 n\u2019est pas trop \u00e9lev\u00e9.&#8221; sticky_enabled=&#8221;0&#8243;]<\/p>\n<p>For storage, the ideal temperature for your squash and pumpkins is 12\u00b0C with 60% humidity. However, from a more practical standpoint, a basement can be a good place if the humidity level is not too high.<\/p>\n<p>A higher temperature will accelerate the maturation of your squash, and higher humidity will speed up the rotting process. To improve storage, the most important factor is to purchase squash and pumpkins that are free from any injuries.<\/p>\n<p>Important: Never store squash or pumpkins in the fridge or in cold temperatures. A cold temperature like that found in a fridge destroys the subtle flavors. However, once cut, it is essential to store squash and pumpkins in the fridge for health and safety reasons.<\/p>\n<p>To improve storage, it is essential to have fully mature squash and pumpkins.<\/p>\n<p>[\/et_pb_text][\/et_pb_column][\/et_pb_row][\/et_pb_section]<\/p>\n","protected":false},"excerpt":{"rendered":"<p>SELF-PICKINGSelf-picking Pumpkin and squashSquash and pumpkin self-picking is usually available from the second week of September until the end of October. Since squash is more sensitive to cold than pumpkins, it is recommended to practice squash self-picking during the month of September for better results. We have over 250 varieties of squash and pumpkins in [&hellip;]<\/p>\n","protected":false},"author":1,"featured_media":2013,"parent":3635,"menu_order":0,"comment_status":"closed","ping_status":"closed","template":"","meta":{"_et_pb_use_builder":"on","_et_pb_old_content":"","_et_gb_content_width":"","footnotes":""},"dipi_cpt_category":[],"class_list":["post-3641","page","type-page","status-publish","has-post-thumbnail","hentry"],"yoast_head":"<!-- This site is optimized with the Yoast SEO plugin v27.5 - https:\/\/yoast.com\/product\/yoast-seo-wordpress\/ -->\n<title>Pumpkin and squash | Courges &amp; cie<\/title>\n<meta name=\"description\" content=\"Courges &amp; cie is a love story between the land and the pleasures of the table. But first and foremost, it&#039;s about family, values and heart.\" \/>\n<meta name=\"robots\" content=\"index, follow, max-snippet:-1, max-image-preview:large, max-video-preview:-1\" \/>\n<link rel=\"canonical\" href=\"https:\/\/courgescie.com\/en\/self-picking\/pumpkin-and-squash\/\" \/>\n<meta property=\"og:locale\" content=\"en_US\" \/>\n<meta property=\"og:type\" content=\"article\" \/>\n<meta property=\"og:title\" content=\"Pumpkin and squash | Courges &amp; cie\" \/>\n<meta property=\"og:description\" content=\"Courges &amp; cie is a love story between the land and the pleasures of the table. But first and foremost, it&#039;s about family, values and heart.\" \/>\n<meta property=\"og:url\" content=\"https:\/\/courgescie.com\/en\/self-picking\/pumpkin-and-squash\/\" \/>\n<meta property=\"og:site_name\" content=\"Courges &amp; cie\" \/>\n<meta property=\"article:modified_time\" content=\"2024-12-03T13:42:14+00:00\" \/>\n<meta property=\"og:image\" content=\"https:\/\/courgescie.com\/wp-content\/uploads\/2024\/05\/Publication-Facebook-1024x538.jpg\" \/>\n<meta name=\"twitter:card\" content=\"summary_large_image\" \/>\n<meta name=\"twitter:title\" content=\"Pumpkin and squash | Courges &amp; cie\" \/>\n<meta name=\"twitter:description\" content=\"Courges &amp; cie is a love story between the land and the pleasures of the table. But first and foremost, it&#039;s about family, values and heart.\" \/>\n<meta name=\"twitter:image\" content=\"https:\/\/courgescie.com\/wp-content\/uploads\/2024\/05\/Publication-Facebook-1024x538.jpg\" \/>\n<meta name=\"twitter:label1\" content=\"Est. reading time\" \/>\n\t<meta name=\"twitter:data1\" content=\"5 minutes\" \/>\n<script type=\"application\/ld+json\" class=\"yoast-schema-graph\">{\"@context\":\"https:\\\/\\\/schema.org\",\"@graph\":[{\"@type\":\"WebPage\",\"@id\":\"https:\\\/\\\/courgescie.com\\\/en\\\/self-picking\\\/pumpkin-and-squash\\\/\",\"url\":\"https:\\\/\\\/courgescie.com\\\/en\\\/self-picking\\\/pumpkin-and-squash\\\/\",\"name\":\"Pumpkin and squash | Courges &amp; cie\",\"isPartOf\":{\"@id\":\"https:\\\/\\\/courgescie.com\\\/en\\\/#website\"},\"primaryImageOfPage\":{\"@id\":\"https:\\\/\\\/courgescie.com\\\/en\\\/self-picking\\\/pumpkin-and-squash\\\/#primaryimage\"},\"image\":{\"@id\":\"https:\\\/\\\/courgescie.com\\\/en\\\/self-picking\\\/pumpkin-and-squash\\\/#primaryimage\"},\"thumbnailUrl\":\"https:\\\/\\\/courgescie.com\\\/wp-content\\\/uploads\\\/2024\\\/05\\\/Publication-Facebook.jpg\",\"datePublished\":\"2024-05-07T17:56:44+00:00\",\"dateModified\":\"2024-12-03T13:42:14+00:00\",\"description\":\"Courges & cie is a love story between the land and the pleasures of the table. But first and foremost, it's about family, values and heart.\",\"breadcrumb\":{\"@id\":\"https:\\\/\\\/courgescie.com\\\/en\\\/self-picking\\\/pumpkin-and-squash\\\/#breadcrumb\"},\"inLanguage\":\"en-US\",\"potentialAction\":[{\"@type\":\"ReadAction\",\"target\":[\"https:\\\/\\\/courgescie.com\\\/en\\\/self-picking\\\/pumpkin-and-squash\\\/\"]}]},{\"@type\":\"ImageObject\",\"inLanguage\":\"en-US\",\"@id\":\"https:\\\/\\\/courgescie.com\\\/en\\\/self-picking\\\/pumpkin-and-squash\\\/#primaryimage\",\"url\":\"https:\\\/\\\/courgescie.com\\\/wp-content\\\/uploads\\\/2024\\\/05\\\/Publication-Facebook.jpg\",\"contentUrl\":\"https:\\\/\\\/courgescie.com\\\/wp-content\\\/uploads\\\/2024\\\/05\\\/Publication-Facebook.jpg\",\"width\":1200,\"height\":630},{\"@type\":\"BreadcrumbList\",\"@id\":\"https:\\\/\\\/courgescie.com\\\/en\\\/self-picking\\\/pumpkin-and-squash\\\/#breadcrumb\",\"itemListElement\":[{\"@type\":\"ListItem\",\"position\":1,\"name\":\"Accueil\",\"item\":\"https:\\\/\\\/courgescie.com\\\/en\\\/\"},{\"@type\":\"ListItem\",\"position\":2,\"name\":\"Self-picking\",\"item\":\"https:\\\/\\\/courgescie.com\\\/en\\\/autocueillette\\\/\"},{\"@type\":\"ListItem\",\"position\":3,\"name\":\"Pumpkin and squash\"}]},{\"@type\":\"WebSite\",\"@id\":\"https:\\\/\\\/courgescie.com\\\/en\\\/#website\",\"url\":\"https:\\\/\\\/courgescie.com\\\/en\\\/\",\"name\":\"Courges &amp; cie\",\"description\":\"Courges &amp; cie\",\"potentialAction\":[{\"@type\":\"SearchAction\",\"target\":{\"@type\":\"EntryPoint\",\"urlTemplate\":\"https:\\\/\\\/courgescie.com\\\/en\\\/?s={search_term_string}\"},\"query-input\":{\"@type\":\"PropertyValueSpecification\",\"valueRequired\":true,\"valueName\":\"search_term_string\"}}],\"inLanguage\":\"en-US\"}]}<\/script>\n<!-- \/ Yoast SEO plugin. -->","yoast_head_json":{"title":"Pumpkin and squash | Courges &amp; cie","description":"Courges & cie is a love story between the land and the pleasures of the table. But first and foremost, it's about family, values and heart.","robots":{"index":"index","follow":"follow","max-snippet":"max-snippet:-1","max-image-preview":"max-image-preview:large","max-video-preview":"max-video-preview:-1"},"canonical":"https:\/\/courgescie.com\/en\/self-picking\/pumpkin-and-squash\/","og_locale":"en_US","og_type":"article","og_title":"Pumpkin and squash | Courges &amp; cie","og_description":"Courges & cie is a love story between the land and the pleasures of the table. But first and foremost, it's about family, values and heart.","og_url":"https:\/\/courgescie.com\/en\/self-picking\/pumpkin-and-squash\/","og_site_name":"Courges &amp; cie","article_modified_time":"2024-12-03T13:42:14+00:00","og_image":[{"url":"https:\/\/courgescie.com\/wp-content\/uploads\/2024\/05\/Publication-Facebook-1024x538.jpg","type":"","width":"","height":""}],"twitter_card":"summary_large_image","twitter_title":"Pumpkin and squash | Courges &amp; cie","twitter_description":"Courges & cie is a love story between the land and the pleasures of the table. But first and foremost, it's about family, values and heart.","twitter_image":"https:\/\/courgescie.com\/wp-content\/uploads\/2024\/05\/Publication-Facebook-1024x538.jpg","twitter_misc":{"Est. reading time":"5 minutes"},"schema":{"@context":"https:\/\/schema.org","@graph":[{"@type":"WebPage","@id":"https:\/\/courgescie.com\/en\/self-picking\/pumpkin-and-squash\/","url":"https:\/\/courgescie.com\/en\/self-picking\/pumpkin-and-squash\/","name":"Pumpkin and squash | Courges &amp; cie","isPartOf":{"@id":"https:\/\/courgescie.com\/en\/#website"},"primaryImageOfPage":{"@id":"https:\/\/courgescie.com\/en\/self-picking\/pumpkin-and-squash\/#primaryimage"},"image":{"@id":"https:\/\/courgescie.com\/en\/self-picking\/pumpkin-and-squash\/#primaryimage"},"thumbnailUrl":"https:\/\/courgescie.com\/wp-content\/uploads\/2024\/05\/Publication-Facebook.jpg","datePublished":"2024-05-07T17:56:44+00:00","dateModified":"2024-12-03T13:42:14+00:00","description":"Courges & cie is a love story between the land and the pleasures of the table. But first and foremost, it's about family, values and heart.","breadcrumb":{"@id":"https:\/\/courgescie.com\/en\/self-picking\/pumpkin-and-squash\/#breadcrumb"},"inLanguage":"en-US","potentialAction":[{"@type":"ReadAction","target":["https:\/\/courgescie.com\/en\/self-picking\/pumpkin-and-squash\/"]}]},{"@type":"ImageObject","inLanguage":"en-US","@id":"https:\/\/courgescie.com\/en\/self-picking\/pumpkin-and-squash\/#primaryimage","url":"https:\/\/courgescie.com\/wp-content\/uploads\/2024\/05\/Publication-Facebook.jpg","contentUrl":"https:\/\/courgescie.com\/wp-content\/uploads\/2024\/05\/Publication-Facebook.jpg","width":1200,"height":630},{"@type":"BreadcrumbList","@id":"https:\/\/courgescie.com\/en\/self-picking\/pumpkin-and-squash\/#breadcrumb","itemListElement":[{"@type":"ListItem","position":1,"name":"Accueil","item":"https:\/\/courgescie.com\/en\/"},{"@type":"ListItem","position":2,"name":"Self-picking","item":"https:\/\/courgescie.com\/en\/autocueillette\/"},{"@type":"ListItem","position":3,"name":"Pumpkin and squash"}]},{"@type":"WebSite","@id":"https:\/\/courgescie.com\/en\/#website","url":"https:\/\/courgescie.com\/en\/","name":"Courges &amp; cie","description":"Courges &amp; cie","potentialAction":[{"@type":"SearchAction","target":{"@type":"EntryPoint","urlTemplate":"https:\/\/courgescie.com\/en\/?s={search_term_string}"},"query-input":{"@type":"PropertyValueSpecification","valueRequired":true,"valueName":"search_term_string"}}],"inLanguage":"en-US"}]}},"_links":{"self":[{"href":"https:\/\/courgescie.com\/en\/wp-json\/wp\/v2\/pages\/3641","targetHints":{"allow":["GET"]}}],"collection":[{"href":"https:\/\/courgescie.com\/en\/wp-json\/wp\/v2\/pages"}],"about":[{"href":"https:\/\/courgescie.com\/en\/wp-json\/wp\/v2\/types\/page"}],"author":[{"embeddable":true,"href":"https:\/\/courgescie.com\/en\/wp-json\/wp\/v2\/users\/1"}],"replies":[{"embeddable":true,"href":"https:\/\/courgescie.com\/en\/wp-json\/wp\/v2\/comments?post=3641"}],"version-history":[{"count":2,"href":"https:\/\/courgescie.com\/en\/wp-json\/wp\/v2\/pages\/3641\/revisions"}],"predecessor-version":[{"id":3643,"href":"https:\/\/courgescie.com\/en\/wp-json\/wp\/v2\/pages\/3641\/revisions\/3643"}],"up":[{"embeddable":true,"href":"https:\/\/courgescie.com\/en\/wp-json\/wp\/v2\/pages\/3635"}],"wp:featuredmedia":[{"embeddable":true,"href":"https:\/\/courgescie.com\/en\/wp-json\/wp\/v2\/media\/2013"}],"wp:attachment":[{"href":"https:\/\/courgescie.com\/en\/wp-json\/wp\/v2\/media?parent=3641"}],"wp:term":[{"taxonomy":"dipi_cpt_category","embeddable":true,"href":"https:\/\/courgescie.com\/en\/wp-json\/wp\/v2\/dipi_cpt_category?post=3641"}],"curies":[{"name":"wp","href":"https:\/\/api.w.org\/{rel}","templated":true}]}}